{"id":129,"date":"2023-06-29T21:17:42","date_gmt":"2023-06-29T21:17:42","guid":{"rendered":"https:\/\/popcircle.at\/?page_id=129"},"modified":"2023-06-30T21:50:02","modified_gmt":"2023-06-30T21:50:02","slug":"ueber-uns","status":"publish","type":"page","link":"https:\/\/popcircle.at\/en\/ueber-uns\/","title":{"rendered":"\u00dcber uns"},"content":{"rendered":"<div data-elementor-type=\"wp-page\" data-elementor-id=\"129\" class=\"elementor elementor-129\">\n\t\t\t\t<div class=\"elementor-element elementor-element-2a4a7700 e-con-full e-flex e-con e-parent\" data-id=\"2a4a7700\" data-element_type=\"container\" data-e-type=\"container\" data-settings=\"{&quot;background_background&quot;:&quot;classic&quot;}\">\n\t\t\t\t<div class=\"elementor-element elementor-element-402aaab7 elementor-widget elementor-widget-image\" data-id=\"402aaab7\" data-element_type=\"widget\" data-e-type=\"widget\" data-widget_type=\"image.default\">\n\t\t\t\t<div class=\"elementor-widget-container\">\n\t\t\t\t\t\t\t\t\t\t\t\t\t\t\t<img fetchpriority=\"high\" decoding=\"async\" width=\"1920\" height=\"350\" src=\"https:\/\/popcircle.at\/wp-content\/uploads\/2023\/06\/Web_Header-eng.png\" class=\"attachment-full size-full wp-image-77\" alt=\"\" srcset=\"https:\/\/popcircle.at\/wp-content\/uploads\/2023\/06\/Web_Header-eng.png 1920w, https:\/\/popcircle.at\/wp-content\/uploads\/2023\/06\/Web_Header-eng-300x55.png 300w, https:\/\/popcircle.at\/wp-content\/uploads\/2023\/06\/Web_Header-eng-1024x187.png 1024w, https:\/\/popcircle.at\/wp-content\/uploads\/2023\/06\/Web_Header-eng-768x140.png 768w, https:\/\/popcircle.at\/wp-content\/uploads\/2023\/06\/Web_Header-eng-1536x280.png 1536w, https:\/\/popcircle.at\/wp-content\/uploads\/2023\/06\/Web_Header-eng-18x3.png 18w\" sizes=\"(max-width: 1920px) 100vw, 1920px\" \/>\t\t\t\t\t\t\t\t\t\t\t\t\t\t\t<\/div>\n\t\t\t\t<\/div>\n\t\t<div class=\"elementor-element elementor-element-1ac4ecf0 e-con-full e-flex e-con e-child\" data-id=\"1ac4ecf0\" data-element_type=\"container\" data-e-type=\"container\">\n\t\t<div class=\"elementor-element elementor-element-31b3fe6a e-con-full e-flex e-con e-child\" data-id=\"31b3fe6a\" data-element_type=\"container\" data-e-type=\"container\">\n\t\t\t\t<div class=\"elementor-element elementor-element-40532a3d elementor-widget__width-inherit elementor-widget elementor-widget-image\" data-id=\"40532a3d\" data-element_type=\"widget\" data-e-type=\"widget\" data-widget_type=\"image.default\">\n\t\t\t\t<div class=\"elementor-widget-container\">\n\t\t\t\t\t\t\t\t\t\t\t\t\t\t\t\t<a href=\"https:\/\/popcircle.at\/en\/\">\n\t\t\t\t\t\t\t<img decoding=\"async\" width=\"78\" height=\"77\" src=\"https:\/\/popcircle.at\/wp-content\/uploads\/2023\/06\/Web_Home-button.png\" class=\"elementor-animation-shrink attachment-full size-full wp-image-78\" alt=\"\" \/>\t\t\t\t\t\t\t\t<\/a>\n\t\t\t\t\t\t\t\t\t\t\t\t\t\t\t<\/div>\n\t\t\t\t<\/div>\n\t\t\t\t<div class=\"elementor-element elementor-element-485fb51f elementor-widget__width-inherit elementor-widget elementor-widget-image\" data-id=\"485fb51f\" data-element_type=\"widget\" data-e-type=\"widget\" data-widget_type=\"image.default\">\n\t\t\t\t<div class=\"elementor-widget-container\">\n\t\t\t\t\t\t\t\t\t\t\t\t\t\t\t\t<a href=\"https:\/\/www.instagram.com\/popcircle_austria\/\" target=\"_blank\">\n\t\t\t\t\t\t\t<img decoding=\"async\" width=\"70\" height=\"70\" src=\"https:\/\/popcircle.at\/wp-content\/uploads\/2023\/06\/Web_Insta-Logo.png\" class=\"elementor-animation-shrink attachment-full size-full wp-image-81\" alt=\"\" \/>\t\t\t\t\t\t\t\t<\/a>\n\t\t\t\t\t\t\t\t\t\t\t\t\t\t\t<\/div>\n\t\t\t\t<\/div>\n\t\t\t\t<\/div>\n\t\t\t\t<\/div>\n\t\t\t\t<\/div>\n\t\t<div class=\"elementor-element elementor-element-1862371b e-con-full e-flex e-con e-parent\" data-id=\"1862371b\" data-element_type=\"container\" data-e-type=\"container\" data-settings=\"{&quot;background_background&quot;:&quot;classic&quot;}\">\n\t\t\t\t<div class=\"elementor-element elementor-element-1c704eaf elementor-hidden-tablet elementor-hidden-mobile elementor-widget elementor-widget-image\" data-id=\"1c704eaf\" data-element_type=\"widget\" data-e-type=\"widget\" data-widget_type=\"image.default\">\n\t\t\t\t<div class=\"elementor-widget-container\">\n\t\t\t\t\t\t\t\t\t\t\t\t\t\t\t<img loading=\"lazy\" decoding=\"async\" width=\"484\" height=\"582\" src=\"https:\/\/popcircle.at\/wp-content\/uploads\/2023\/06\/Web_Eis-Trio1.png\" class=\"attachment-large size-large wp-image-140\" alt=\"\" srcset=\"https:\/\/popcircle.at\/wp-content\/uploads\/2023\/06\/Web_Eis-Trio1.png 484w, https:\/\/popcircle.at\/wp-content\/uploads\/2023\/06\/Web_Eis-Trio1-249x300.png 249w\" sizes=\"(max-width: 484px) 100vw, 484px\" \/>\t\t\t\t\t\t\t\t\t\t\t\t\t\t\t<\/div>\n\t\t\t\t<\/div>\n\t\t\t\t<div class=\"elementor-element elementor-element-287bbab elementor-widget elementor-widget-text-editor\" data-id=\"287bbab\" data-element_type=\"widget\" data-e-type=\"widget\" data-widget_type=\"text-editor.default\">\n\t\t\t\t<div class=\"elementor-widget-container\">\n\t\t\t\t\t\t\t\t\t<h1 style=\"text-align: center;\">ABOUT US<\/h1><p class=\"translation-block\"><strong>Who is PopCircle Austria?<\/strong><br>\nWe are an association with the goal to promote any form and manner of popular culture \/pop culture<br>and its expression in Austria.\nRegardless whether it\u2019s movies, shows, comics, art or (video) games \u2013 anything goes!<\/p><p class=\"translation-block\">In order to do this, we formed this association. Organising events, fan meet-ups and pop-ups,<br>just to name a few, is what we set out to do.<\/p><p class=\"translation-block\">Sharing is caring \u2013 following this premise we want to help fans of all kinds connect, share, geek and celebrate,<br>bringing fandoms and passions together. \nIntrigued yet? If organising events or promoting an event in the sphere<br>of popular culture is something you can see yourself doing, do not hesitate to reach out and join us in our endeavours!<br>New members and helping hands are always welcome! The <a href=\"https:\/\/popcircle.at\/en\/kontakt\/\">contact form<\/a> can be found here (you can either join us as a volunteer<br>or as a member of our association \u2013 the choice is yours).<\/p><p class=\"translation-block\"><strong>How come you are named \u201cPopCircle\u201d?<\/strong><br>\nWe merged the words \u201cpop\u201d from \u201cpopular culture\u201d and \u201ccircle\u201d derived from the circle of friends and like-minded people<br>who have come together to form this association to promote, organise and help realise pop culture events, following one shared goal. \nAnd seeing as our name sounds astonishingly similar to popsicle, our mascot was designed to look like a \u2013 surprise \u2013 popsicle.<\/p>\t\t\t\t\t\t\t\t<\/div>\n\t\t\t\t<\/div>\n\t\t\t\t<div class=\"elementor-element elementor-element-44e21d3a elementor-widget elementor-widget-image\" data-id=\"44e21d3a\" data-element_type=\"widget\" data-e-type=\"widget\" data-widget_type=\"image.default\">\n\t\t\t\t<div class=\"elementor-widget-container\">\n\t\t\t\t\t\t\t\t\t\t\t\t\t\t\t<img loading=\"lazy\" decoding=\"async\" width=\"481\" height=\"616\" src=\"https:\/\/popcircle.at\/wp-content\/uploads\/2023\/06\/Web_Eis-Trio2.png\" class=\"attachment-large size-large wp-image-141\" alt=\"\" srcset=\"https:\/\/popcircle.at\/wp-content\/uploads\/2023\/06\/Web_Eis-Trio2.png 481w, https:\/\/popcircle.at\/wp-content\/uploads\/2023\/06\/Web_Eis-Trio2-234x300.png 234w\" sizes=\"(max-width: 481px) 100vw, 481px\" \/>\t\t\t\t\t\t\t\t\t\t\t\t\t\t\t<\/div>\n\t\t\t\t<\/div>\n\t\t\t\t<\/div>\n\t\t<div class=\"elementor-element elementor-element-34d697b0 e-con-full e-flex e-con e-parent\" data-id=\"34d697b0\" data-element_type=\"container\" data-e-type=\"container\" data-settings=\"{&quot;background_background&quot;:&quot;classic&quot;}\">\n\t\t\t\t<div class=\"elementor-element elementor-element-29534ef3 elementor-widget elementor-widget-button\" data-id=\"29534ef3\" data-element_type=\"widget\" data-e-type=\"widget\" data-widget_type=\"button.default\">\n\t\t\t\t<div class=\"elementor-widget-container\">\n\t\t\t\t\t\t\t\t\t<div class=\"elementor-button-wrapper\">\n\t\t\t\t\t<a class=\"elementor-button elementor-button-link elementor-size-sm elementor-animation-shrink\" href=\"https:\/\/popcircle.at\/en\/impressum\/\">\n\t\t\t\t\t\t<span class=\"elementor-button-content-wrapper\">\n\t\t\t\t\t\t\t\t\t<span class=\"elementor-button-text\">Imprint<\/span>\n\t\t\t\t\t<\/span>\n\t\t\t\t\t<\/a>\n\t\t\t\t<\/div>\n\t\t\t\t\t\t\t\t<\/div>\n\t\t\t\t<\/div>\n\t\t\t\t<\/div>\n\t\t\t\t<\/div>","protected":false},"excerpt":{"rendered":"<p>\u00dcBER UNS Wer ist PopCircle Austria?Wir sind ein Verein mit dem Ziel alle m\u00f6glichen Formen und Facetten von Popkultur in\u00d6sterreich zu f\u00f6rdern.Ob Filme, Serien, Comics, Kunst oder (Video-)Spiele &#8211; wir wollen allem, das dieMenschen begeistert und unterh\u00e4lt, eine B\u00fchne bieten. Zu diesem Zweck haben wir uns zusammengeschlossen, um gemeinsam beispielsweiseEvents, Fantreffen und Pop-Ups zu organisieren, [&hellip;]<\/p>\n","protected":false},"author":3,"featured_media":0,"parent":0,"menu_order":0,"comment_status":"closed","ping_status":"closed","template":"elementor_canvas","meta":{"footnotes":""},"class_list":["post-129","page","type-page","status-publish","hentry"],"yoast_head":"<!-- This site is optimized with the Yoast SEO plugin v27.4 - https:\/\/yoast.com\/product\/yoast-seo-wordpress\/ -->\n<title>\u00dcber uns - PopCircle Austria<\/title>\n<meta name=\"robots\" content=\"index, follow, max-snippet:-1, max-image-preview:large, max-video-preview:-1\" \/>\n<link rel=\"canonical\" href=\"https:\/\/popcircle.at\/en\/ueber-uns\/\" \/>\n<meta property=\"og:locale\" content=\"en_US\" \/>\n<meta property=\"og:type\" content=\"article\" \/>\n<meta property=\"og:title\" content=\"\u00dcber uns - PopCircle Austria\" \/>\n<meta property=\"og:description\" content=\"\u00dcBER UNS Wer ist PopCircle Austria?Wir sind ein Verein mit dem Ziel alle m\u00f6glichen Formen und Facetten von Popkultur in\u00d6sterreich zu f\u00f6rdern.Ob Filme, Serien, Comics, Kunst oder (Video-)Spiele &#8211; wir wollen allem, das dieMenschen begeistert und unterh\u00e4lt, eine B\u00fchne bieten. Zu diesem Zweck haben wir uns zusammengeschlossen, um gemeinsam beispielsweiseEvents, Fantreffen und Pop-Ups zu organisieren, [&hellip;]\" \/>\n<meta property=\"og:url\" content=\"https:\/\/popcircle.at\/en\/ueber-uns\/\" \/>\n<meta property=\"og:site_name\" content=\"PopCircle Austria\" \/>\n<meta property=\"article:modified_time\" content=\"2023-06-30T21:50:02+00:00\" \/>\n<meta property=\"og:image\" content=\"https:\/\/popcircle.at\/wp-content\/uploads\/2023\/06\/Web_Header.png\" \/>\n<meta name=\"twitter:card\" content=\"summary_large_image\" \/>\n<script type=\"application\/ld+json\" class=\"yoast-schema-graph\">{\"@context\":\"https:\\\/\\\/schema.org\",\"@graph\":[{\"@type\":\"WebPage\",\"@id\":\"https:\\\/\\\/popcircle.at\\\/ueber-uns\\\/\",\"url\":\"https:\\\/\\\/popcircle.at\\\/ueber-uns\\\/\",\"name\":\"\u00dcber uns - PopCircle Austria\",\"isPartOf\":{\"@id\":\"https:\\\/\\\/popcircle.at\\\/#website\"},\"primaryImageOfPage\":{\"@id\":\"https:\\\/\\\/popcircle.at\\\/ueber-uns\\\/#primaryimage\"},\"image\":{\"@id\":\"https:\\\/\\\/popcircle.at\\\/ueber-uns\\\/#primaryimage\"},\"thumbnailUrl\":\"https:\\\/\\\/popcircle.at\\\/wp-content\\\/uploads\\\/2023\\\/06\\\/Web_Header.png\",\"datePublished\":\"2023-06-29T21:17:42+00:00\",\"dateModified\":\"2023-06-30T21:50:02+00:00\",\"breadcrumb\":{\"@id\":\"https:\\\/\\\/popcircle.at\\\/ueber-uns\\\/#breadcrumb\"},\"inLanguage\":\"en-US\",\"potentialAction\":[{\"@type\":\"ReadAction\",\"target\":[\"https:\\\/\\\/popcircle.at\\\/ueber-uns\\\/\"]}]},{\"@type\":\"ImageObject\",\"inLanguage\":\"en-US\",\"@id\":\"https:\\\/\\\/popcircle.at\\\/ueber-uns\\\/#primaryimage\",\"url\":\"https:\\\/\\\/popcircle.at\\\/wp-content\\\/uploads\\\/2023\\\/06\\\/Web_Header.png\",\"contentUrl\":\"https:\\\/\\\/popcircle.at\\\/wp-content\\\/uploads\\\/2023\\\/06\\\/Web_Header.png\"},{\"@type\":\"BreadcrumbList\",\"@id\":\"https:\\\/\\\/popcircle.at\\\/ueber-uns\\\/#breadcrumb\",\"itemListElement\":[{\"@type\":\"ListItem\",\"position\":1,\"name\":\"Startseite\",\"item\":\"https:\\\/\\\/popcircle.at\\\/\"},{\"@type\":\"ListItem\",\"position\":2,\"name\":\"\u00dcber uns\"}]},{\"@type\":\"WebSite\",\"@id\":\"https:\\\/\\\/popcircle.at\\\/#website\",\"url\":\"https:\\\/\\\/popcircle.at\\\/\",\"name\":\"PopCircle Austria\",\"description\":\"Verein f\u00fcr Popkultur, Kunst &amp; Gaming\",\"publisher\":{\"@id\":\"https:\\\/\\\/popcircle.at\\\/#organization\"},\"potentialAction\":[{\"@type\":\"SearchAction\",\"target\":{\"@type\":\"EntryPoint\",\"urlTemplate\":\"https:\\\/\\\/popcircle.at\\\/?s={search_term_string}\"},\"query-input\":{\"@type\":\"PropertyValueSpecification\",\"valueRequired\":true,\"valueName\":\"search_term_string\"}}],\"inLanguage\":\"en-US\"},{\"@type\":\"Organization\",\"@id\":\"https:\\\/\\\/popcircle.at\\\/#organization\",\"name\":\"PopCircle Austria\",\"url\":\"https:\\\/\\\/popcircle.at\\\/\",\"logo\":{\"@type\":\"ImageObject\",\"inLanguage\":\"en-US\",\"@id\":\"https:\\\/\\\/popcircle.at\\\/#\\\/schema\\\/logo\\\/image\\\/\",\"url\":\"https:\\\/\\\/popcircle.at\\\/wp-content\\\/uploads\\\/2023\\\/04\\\/PopCircle-Logo_schwarz_freistehend.png\",\"contentUrl\":\"https:\\\/\\\/popcircle.at\\\/wp-content\\\/uploads\\\/2023\\\/04\\\/PopCircle-Logo_schwarz_freistehend.png\",\"width\":2048,\"height\":2048,\"caption\":\"PopCircle Austria\"},\"image\":{\"@id\":\"https:\\\/\\\/popcircle.at\\\/#\\\/schema\\\/logo\\\/image\\\/\"}}]}<\/script>\n<!-- \/ Yoast SEO plugin. -->","yoast_head_json":{"title":"\u00dcber uns - PopCircle Austria","robots":{"index":"index","follow":"follow","max-snippet":"max-snippet:-1","max-image-preview":"max-image-preview:large","max-video-preview":"max-video-preview:-1"},"canonical":"https:\/\/popcircle.at\/en\/ueber-uns\/","og_locale":"en_US","og_type":"article","og_title":"\u00dcber uns - PopCircle Austria","og_description":"\u00dcBER UNS Wer ist PopCircle Austria?Wir sind ein Verein mit dem Ziel alle m\u00f6glichen Formen und Facetten von Popkultur in\u00d6sterreich zu f\u00f6rdern.Ob Filme, Serien, Comics, Kunst oder (Video-)Spiele &#8211; wir wollen allem, das dieMenschen begeistert und unterh\u00e4lt, eine B\u00fchne bieten. Zu diesem Zweck haben wir uns zusammengeschlossen, um gemeinsam beispielsweiseEvents, Fantreffen und Pop-Ups zu organisieren, [&hellip;]","og_url":"https:\/\/popcircle.at\/en\/ueber-uns\/","og_site_name":"PopCircle Austria","article_modified_time":"2023-06-30T21:50:02+00:00","og_image":[{"url":"https:\/\/popcircle.at\/wp-content\/uploads\/2023\/06\/Web_Header.png","type":"","width":"","height":""}],"twitter_card":"summary_large_image","schema":{"@context":"https:\/\/schema.org","@graph":[{"@type":"WebPage","@id":"https:\/\/popcircle.at\/ueber-uns\/","url":"https:\/\/popcircle.at\/ueber-uns\/","name":"\u00dcber uns - PopCircle Austria","isPartOf":{"@id":"https:\/\/popcircle.at\/#website"},"primaryImageOfPage":{"@id":"https:\/\/popcircle.at\/ueber-uns\/#primaryimage"},"image":{"@id":"https:\/\/popcircle.at\/ueber-uns\/#primaryimage"},"thumbnailUrl":"https:\/\/popcircle.at\/wp-content\/uploads\/2023\/06\/Web_Header.png","datePublished":"2023-06-29T21:17:42+00:00","dateModified":"2023-06-30T21:50:02+00:00","breadcrumb":{"@id":"https:\/\/popcircle.at\/ueber-uns\/#breadcrumb"},"inLanguage":"en-US","potentialAction":[{"@type":"ReadAction","target":["https:\/\/popcircle.at\/ueber-uns\/"]}]},{"@type":"ImageObject","inLanguage":"en-US","@id":"https:\/\/popcircle.at\/ueber-uns\/#primaryimage","url":"https:\/\/popcircle.at\/wp-content\/uploads\/2023\/06\/Web_Header.png","contentUrl":"https:\/\/popcircle.at\/wp-content\/uploads\/2023\/06\/Web_Header.png"},{"@type":"BreadcrumbList","@id":"https:\/\/popcircle.at\/ueber-uns\/#breadcrumb","itemListElement":[{"@type":"ListItem","position":1,"name":"Startseite","item":"https:\/\/popcircle.at\/"},{"@type":"ListItem","position":2,"name":"\u00dcber uns"}]},{"@type":"WebSite","@id":"https:\/\/popcircle.at\/#website","url":"https:\/\/popcircle.at\/","name":"PopCircle Austria","description":"Verein f\u00fcr Popkultur, Kunst &amp; Gaming","publisher":{"@id":"https:\/\/popcircle.at\/#organization"},"potentialAction":[{"@type":"SearchAction","target":{"@type":"EntryPoint","urlTemplate":"https:\/\/popcircle.at\/?s={search_term_string}"},"query-input":{"@type":"PropertyValueSpecification","valueRequired":true,"valueName":"search_term_string"}}],"inLanguage":"en-US"},{"@type":"Organization","@id":"https:\/\/popcircle.at\/#organization","name":"PopCircle Austria","url":"https:\/\/popcircle.at\/","logo":{"@type":"ImageObject","inLanguage":"en-US","@id":"https:\/\/popcircle.at\/#\/schema\/logo\/image\/","url":"https:\/\/popcircle.at\/wp-content\/uploads\/2023\/04\/PopCircle-Logo_schwarz_freistehend.png","contentUrl":"https:\/\/popcircle.at\/wp-content\/uploads\/2023\/04\/PopCircle-Logo_schwarz_freistehend.png","width":2048,"height":2048,"caption":"PopCircle Austria"},"image":{"@id":"https:\/\/popcircle.at\/#\/schema\/logo\/image\/"}}]}},"_links":{"self":[{"href":"https:\/\/popcircle.at\/en\/wp-json\/wp\/v2\/pages\/129","targetHints":{"allow":["GET"]}}],"collection":[{"href":"https:\/\/popcircle.at\/en\/wp-json\/wp\/v2\/pages"}],"about":[{"href":"https:\/\/popcircle.at\/en\/wp-json\/wp\/v2\/types\/page"}],"author":[{"embeddable":true,"href":"https:\/\/popcircle.at\/en\/wp-json\/wp\/v2\/users\/3"}],"replies":[{"embeddable":true,"href":"https:\/\/popcircle.at\/en\/wp-json\/wp\/v2\/comments?post=129"}],"version-history":[{"count":95,"href":"https:\/\/popcircle.at\/en\/wp-json\/wp\/v2\/pages\/129\/revisions"}],"predecessor-version":[{"id":541,"href":"https:\/\/popcircle.at\/en\/wp-json\/wp\/v2\/pages\/129\/revisions\/541"}],"wp:attachment":[{"href":"https:\/\/popcircle.at\/en\/wp-json\/wp\/v2\/media?parent=129"}],"curies":[{"name":"wp","href":"https:\/\/api.w.org\/{rel}","templated":true}]}}