{"id":201,"date":"2023-06-29T22:04:34","date_gmt":"2023-06-29T22:04:34","guid":{"rendered":"https:\/\/popcircle.at\/?page_id=201"},"modified":"2024-05-17T11:14:39","modified_gmt":"2024-05-17T11:14:39","slug":"events","status":"publish","type":"page","link":"https:\/\/popcircle.at\/en\/events\/","title":{"rendered":"Events"},"content":{"rendered":"<div data-elementor-type=\"wp-page\" data-elementor-id=\"201\" class=\"elementor elementor-201\">\n\t\t\t\t<div class=\"elementor-element elementor-element-2271c476 e-con-full e-flex e-con e-parent\" data-id=\"2271c476\" data-element_type=\"container\" data-e-type=\"container\" data-settings=\"{&quot;background_background&quot;:&quot;classic&quot;}\">\n\t\t\t\t<div class=\"elementor-element elementor-element-4553ce58 elementor-widget elementor-widget-image\" data-id=\"4553ce58\" data-element_type=\"widget\" data-e-type=\"widget\" data-widget_type=\"image.default\">\n\t\t\t\t<div class=\"elementor-widget-container\">\n\t\t\t\t\t\t\t\t\t\t\t\t\t\t\t<img fetchpriority=\"high\" decoding=\"async\" width=\"1920\" height=\"350\" src=\"https:\/\/popcircle.at\/wp-content\/uploads\/2023\/06\/Web_Header-eng.png\" class=\"attachment-full size-full wp-image-77\" alt=\"\" srcset=\"https:\/\/popcircle.at\/wp-content\/uploads\/2023\/06\/Web_Header-eng.png 1920w, https:\/\/popcircle.at\/wp-content\/uploads\/2023\/06\/Web_Header-eng-300x55.png 300w, https:\/\/popcircle.at\/wp-content\/uploads\/2023\/06\/Web_Header-eng-1024x187.png 1024w, https:\/\/popcircle.at\/wp-content\/uploads\/2023\/06\/Web_Header-eng-768x140.png 768w, https:\/\/popcircle.at\/wp-content\/uploads\/2023\/06\/Web_Header-eng-1536x280.png 1536w, https:\/\/popcircle.at\/wp-content\/uploads\/2023\/06\/Web_Header-eng-18x3.png 18w\" sizes=\"(max-width: 1920px) 100vw, 1920px\" \/>\t\t\t\t\t\t\t\t\t\t\t\t\t\t\t<\/div>\n\t\t\t\t<\/div>\n\t\t<div class=\"elementor-element elementor-element-350d3206 e-con-full e-flex e-con e-child\" data-id=\"350d3206\" data-element_type=\"container\" data-e-type=\"container\">\n\t\t<div class=\"elementor-element elementor-element-787f944f e-con-full e-flex e-con e-child\" data-id=\"787f944f\" data-element_type=\"container\" data-e-type=\"container\">\n\t\t\t\t<div class=\"elementor-element elementor-element-32dc7714 elementor-widget__width-inherit elementor-widget elementor-widget-image\" data-id=\"32dc7714\" data-element_type=\"widget\" data-e-type=\"widget\" data-widget_type=\"image.default\">\n\t\t\t\t<div class=\"elementor-widget-container\">\n\t\t\t\t\t\t\t\t\t\t\t\t\t\t\t\t<a href=\"https:\/\/popcircle.at\/en\/\">\n\t\t\t\t\t\t\t<img decoding=\"async\" width=\"78\" height=\"77\" src=\"https:\/\/popcircle.at\/wp-content\/uploads\/2023\/06\/Web_Home-button.png\" class=\"elementor-animation-shrink attachment-full size-full wp-image-78\" alt=\"\" \/>\t\t\t\t\t\t\t\t<\/a>\n\t\t\t\t\t\t\t\t\t\t\t\t\t\t\t<\/div>\n\t\t\t\t<\/div>\n\t\t\t\t<div class=\"elementor-element elementor-element-b9000ff elementor-widget__width-inherit elementor-widget elementor-widget-image\" data-id=\"b9000ff\" data-element_type=\"widget\" data-e-type=\"widget\" data-widget_type=\"image.default\">\n\t\t\t\t<div class=\"elementor-widget-container\">\n\t\t\t\t\t\t\t\t\t\t\t\t\t\t\t\t<a href=\"https:\/\/www.instagram.com\/popcircle_austria\/\" target=\"_blank\">\n\t\t\t\t\t\t\t<img decoding=\"async\" width=\"70\" height=\"70\" src=\"https:\/\/popcircle.at\/wp-content\/uploads\/2023\/06\/Web_Insta-Logo.png\" class=\"elementor-animation-shrink attachment-full size-full wp-image-81\" alt=\"\" \/>\t\t\t\t\t\t\t\t<\/a>\n\t\t\t\t\t\t\t\t\t\t\t\t\t\t\t<\/div>\n\t\t\t\t<\/div>\n\t\t\t\t<\/div>\n\t\t\t\t<\/div>\n\t\t\t\t<\/div>\n\t\t<div class=\"elementor-element elementor-element-7f15d26b e-con-full e-flex e-con e-parent\" data-id=\"7f15d26b\" data-element_type=\"container\" data-e-type=\"container\">\n\t\t\t\t<div class=\"elementor-element elementor-element-5ee44a9f elementor-widget__width-initial elementor-hidden-mobile elementor-widget elementor-widget-image\" data-id=\"5ee44a9f\" data-element_type=\"widget\" data-e-type=\"widget\" data-widget_type=\"image.default\">\n\t\t\t\t<div class=\"elementor-widget-container\">\n\t\t\t\t\t\t\t\t\t\t\t\t\t\t\t<img loading=\"lazy\" decoding=\"async\" width=\"270\" height=\"369\" src=\"https:\/\/popcircle.at\/wp-content\/uploads\/2023\/06\/Web_Maskottchen_Harry.png\" class=\"attachment-large size-large wp-image-88\" alt=\"\" srcset=\"https:\/\/popcircle.at\/wp-content\/uploads\/2023\/06\/Web_Maskottchen_Harry.png 270w, https:\/\/popcircle.at\/wp-content\/uploads\/2023\/06\/Web_Maskottchen_Harry-220x300.png 220w\" sizes=\"(max-width: 270px) 100vw, 270px\" \/>\t\t\t\t\t\t\t\t\t\t\t\t\t\t\t<\/div>\n\t\t\t\t<\/div>\n\t\t\t\t<div class=\"elementor-element elementor-element-cdf72b7 elementor-widget elementor-widget-text-editor\" data-id=\"cdf72b7\" data-element_type=\"widget\" data-e-type=\"widget\" data-widget_type=\"text-editor.default\">\n\t\t\t\t<div class=\"elementor-widget-container\">\n\t\t\t\t\t\t\t\t\t<h1 style=\"text-align: center;\">EVENTS<\/h1><p style=\"text-align: left;\" class=\"translation-block\">Here is an overview of all of our events!\nPopCircle was primily founded in order to organise and develop entertaining, interesting and<br>diverse events and happenings for and with lovers of pop culture in Austria.<\/p><p style=\"text-align: left;\" class=\"translation-block\">Aside from working on our own projects, we would like to help others fulfil their dreams of realising a pop culture event<br>with a focus on entertainment.<\/p><p style=\"text-align: left;\" class=\"translation-block\">If you want to be part of our event team or feel like you need a bit of help in organising your own event, feel free and<br>welcome to <a href=\"https:\/\/popcircle.at\/en\/kontakt\/\">contact us<\/a>! You can find the contact form here.<\/p><p style=\"text-align: left;\" class=\"translation-block\"><strong>MerchBazar<\/strong><br>\nPopCircle\u2019s pop culture flea market takes place on the 1st of May and on the 26th of October each year in Vienna.<br>Here, you can shop both new and second-hand merchandise as well as fabulous art and crafts. Artists, merchants and private sellers<br>all come together to try their uttermost to cater to your tastes and offer you pieces that will bring you endless joy. Searching for a new<br>figure to display, a manga series or game to get lost in or a handmade work of art to feast your eyes on \u2013 we got you covered.<br>Are you struggling to find space for your newest loot \u2013 we will find a new home for it.<br>\nFREE ENTRY.<\/p><p style=\"text-align: left;\" class=\"translation-block\">More information here: <a href=\"http:\/\/www.merchbazar.at\" target=\"_blank\" rel=\"noopener\">www.merchbazar.at<\/a> and on Instagram <a href=\"https:\/\/www.instagram.com\/merchbazarvienna\/\" target=\"_blank\" rel=\"noopener\">@merchbazarvienna<\/a>!<\/p>\t\t\t\t\t\t\t\t<\/div>\n\t\t\t\t<\/div>\n\t\t\t\t<div class=\"elementor-element elementor-element-57001af4 elementor-widget__width-initial elementor-widget elementor-widget-image\" data-id=\"57001af4\" data-element_type=\"widget\" data-e-type=\"widget\" data-widget_type=\"image.default\">\n\t\t\t\t<div class=\"elementor-widget-container\">\n\t\t\t\t\t\t\t\t\t\t\t\t\t\t\t<img loading=\"lazy\" decoding=\"async\" width=\"314\" height=\"369\" src=\"https:\/\/popcircle.at\/wp-content\/uploads\/2023\/06\/Web_Maskottchen_Cap.png\" class=\"attachment-large size-large wp-image-86\" alt=\"\" srcset=\"https:\/\/popcircle.at\/wp-content\/uploads\/2023\/06\/Web_Maskottchen_Cap.png 314w, https:\/\/popcircle.at\/wp-content\/uploads\/2023\/06\/Web_Maskottchen_Cap-255x300.png 255w\" sizes=\"(max-width: 314px) 100vw, 314px\" \/>\t\t\t\t\t\t\t\t\t\t\t\t\t\t\t<\/div>\n\t\t\t\t<\/div>\n\t\t\t\t<\/div>\n\t\t<div class=\"elementor-element elementor-element-3d0409e4 e-con-full e-flex e-con e-parent\" data-id=\"3d0409e4\" data-element_type=\"container\" data-e-type=\"container\" data-settings=\"{&quot;background_background&quot;:&quot;classic&quot;}\">\n\t\t\t\t<div class=\"elementor-element elementor-element-4a6f06e2 elementor-widget elementor-widget-button\" data-id=\"4a6f06e2\" data-element_type=\"widget\" data-e-type=\"widget\" data-widget_type=\"button.default\">\n\t\t\t\t<div class=\"elementor-widget-container\">\n\t\t\t\t\t\t\t\t\t<div class=\"elementor-button-wrapper\">\n\t\t\t\t\t<a class=\"elementor-button elementor-button-link elementor-size-sm elementor-animation-shrink\" href=\"https:\/\/popcircle.at\/en\/impressum\/\">\n\t\t\t\t\t\t<span class=\"elementor-button-content-wrapper\">\n\t\t\t\t\t\t\t\t\t<span class=\"elementor-button-text\">Imprint<\/span>\n\t\t\t\t\t<\/span>\n\t\t\t\t\t<\/a>\n\t\t\t\t<\/div>\n\t\t\t\t\t\t\t\t<\/div>\n\t\t\t\t<\/div>\n\t\t\t\t<\/div>\n\t\t\t\t<\/div>","protected":false},"excerpt":{"rendered":"<p>EVENTS Hier bekommst du einen \u00dcberblick \u00fcber alle Events und Veranstaltungen des Vereins! PopCircle Austria ist in erster Linie gegr\u00fcndet worden, um unterhaltsame, interessante und vielf\u00e4ltige Zusammenk\u00fcnfte f\u00fcr alle Popkultur Liebhaber*Innen in \u00d6sterreich zu organisieren und durchzuf\u00fchren. Neben eigenen Events bieten wir auch gerne anderen Veranstalter*Innen Unterst\u00fctzung bei der Durchf\u00fchrung von Veranstaltungen, die einen Fokus [&hellip;]<\/p>\n","protected":false},"author":3,"featured_media":0,"parent":0,"menu_order":0,"comment_status":"closed","ping_status":"closed","template":"elementor_canvas","meta":{"footnotes":""},"class_list":["post-201","page","type-page","status-publish","hentry"],"yoast_head":"<!-- This site is optimized with the Yoast SEO plugin v27.0 - https:\/\/yoast.com\/product\/yoast-seo-wordpress\/ -->\n<title>Events - PopCircle Austria<\/title>\n<meta name=\"robots\" content=\"index, follow, max-snippet:-1, max-image-preview:large, max-video-preview:-1\" \/>\n<link rel=\"canonical\" href=\"https:\/\/popcircle.at\/en\/events\/\" \/>\n<meta property=\"og:locale\" content=\"en_US\" \/>\n<meta property=\"og:type\" content=\"article\" \/>\n<meta property=\"og:title\" content=\"Events - PopCircle Austria\" \/>\n<meta property=\"og:description\" content=\"EVENTS Hier bekommst du einen \u00dcberblick \u00fcber alle Events und Veranstaltungen des Vereins! PopCircle Austria ist in erster Linie gegr\u00fcndet worden, um unterhaltsame, interessante und vielf\u00e4ltige Zusammenk\u00fcnfte f\u00fcr alle Popkultur Liebhaber*Innen in \u00d6sterreich zu organisieren und durchzuf\u00fchren. Neben eigenen Events bieten wir auch gerne anderen Veranstalter*Innen Unterst\u00fctzung bei der Durchf\u00fchrung von Veranstaltungen, die einen Fokus [&hellip;]\" \/>\n<meta property=\"og:url\" content=\"https:\/\/popcircle.at\/en\/events\/\" \/>\n<meta property=\"og:site_name\" content=\"PopCircle Austria\" \/>\n<meta property=\"article:modified_time\" content=\"2024-05-17T11:14:39+00:00\" \/>\n<meta property=\"og:image\" content=\"https:\/\/popcircle.at\/wp-content\/uploads\/2023\/06\/Web_Header.png\" \/>\n<meta name=\"twitter:card\" content=\"summary_large_image\" \/>\n<meta name=\"twitter:label1\" content=\"Est. reading time\" \/>\n\t<meta name=\"twitter:data1\" content=\"2 minutes\" \/>\n<script type=\"application\/ld+json\" class=\"yoast-schema-graph\">{\"@context\":\"https:\/\/schema.org\",\"@graph\":[{\"@type\":\"WebPage\",\"@id\":\"https:\/\/popcircle.at\/events\/\",\"url\":\"https:\/\/popcircle.at\/events\/\",\"name\":\"Events - PopCircle Austria\",\"isPartOf\":{\"@id\":\"https:\/\/popcircle.at\/#website\"},\"primaryImageOfPage\":{\"@id\":\"https:\/\/popcircle.at\/events\/#primaryimage\"},\"image\":{\"@id\":\"https:\/\/popcircle.at\/events\/#primaryimage\"},\"thumbnailUrl\":\"https:\/\/popcircle.at\/wp-content\/uploads\/2023\/06\/Web_Header.png\",\"datePublished\":\"2023-06-29T22:04:34+00:00\",\"dateModified\":\"2024-05-17T11:14:39+00:00\",\"breadcrumb\":{\"@id\":\"https:\/\/popcircle.at\/events\/#breadcrumb\"},\"inLanguage\":\"en-US\",\"potentialAction\":[{\"@type\":\"ReadAction\",\"target\":[\"https:\/\/popcircle.at\/events\/\"]}]},{\"@type\":\"ImageObject\",\"inLanguage\":\"en-US\",\"@id\":\"https:\/\/popcircle.at\/events\/#primaryimage\",\"url\":\"https:\/\/popcircle.at\/wp-content\/uploads\/2023\/06\/Web_Header.png\",\"contentUrl\":\"https:\/\/popcircle.at\/wp-content\/uploads\/2023\/06\/Web_Header.png\"},{\"@type\":\"BreadcrumbList\",\"@id\":\"https:\/\/popcircle.at\/events\/#breadcrumb\",\"itemListElement\":[{\"@type\":\"ListItem\",\"position\":1,\"name\":\"Startseite\",\"item\":\"https:\/\/popcircle.at\/\"},{\"@type\":\"ListItem\",\"position\":2,\"name\":\"Events\"}]},{\"@type\":\"WebSite\",\"@id\":\"https:\/\/popcircle.at\/#website\",\"url\":\"https:\/\/popcircle.at\/\",\"name\":\"PopCircle Austria\",\"description\":\"Verein f\u00fcr Popkultur, Kunst &amp; Gaming\",\"publisher\":{\"@id\":\"https:\/\/popcircle.at\/#organization\"},\"potentialAction\":[{\"@type\":\"SearchAction\",\"target\":{\"@type\":\"EntryPoint\",\"urlTemplate\":\"https:\/\/popcircle.at\/?s={search_term_string}\"},\"query-input\":{\"@type\":\"PropertyValueSpecification\",\"valueRequired\":true,\"valueName\":\"search_term_string\"}}],\"inLanguage\":\"en-US\"},{\"@type\":\"Organization\",\"@id\":\"https:\/\/popcircle.at\/#organization\",\"name\":\"PopCircle Austria\",\"url\":\"https:\/\/popcircle.at\/\",\"logo\":{\"@type\":\"ImageObject\",\"inLanguage\":\"en-US\",\"@id\":\"https:\/\/popcircle.at\/#\/schema\/logo\/image\/\",\"url\":\"https:\/\/popcircle.at\/wp-content\/uploads\/2023\/04\/PopCircle-Logo_schwarz_freistehend.png\",\"contentUrl\":\"https:\/\/popcircle.at\/wp-content\/uploads\/2023\/04\/PopCircle-Logo_schwarz_freistehend.png\",\"width\":2048,\"height\":2048,\"caption\":\"PopCircle Austria\"},\"image\":{\"@id\":\"https:\/\/popcircle.at\/#\/schema\/logo\/image\/\"}}]}<\/script>\n<!-- \/ Yoast SEO plugin. -->","yoast_head_json":{"title":"Events - PopCircle Austria","robots":{"index":"index","follow":"follow","max-snippet":"max-snippet:-1","max-image-preview":"max-image-preview:large","max-video-preview":"max-video-preview:-1"},"canonical":"https:\/\/popcircle.at\/en\/events\/","og_locale":"en_US","og_type":"article","og_title":"Events - PopCircle Austria","og_description":"EVENTS Hier bekommst du einen \u00dcberblick \u00fcber alle Events und Veranstaltungen des Vereins! PopCircle Austria ist in erster Linie gegr\u00fcndet worden, um unterhaltsame, interessante und vielf\u00e4ltige Zusammenk\u00fcnfte f\u00fcr alle Popkultur Liebhaber*Innen in \u00d6sterreich zu organisieren und durchzuf\u00fchren. Neben eigenen Events bieten wir auch gerne anderen Veranstalter*Innen Unterst\u00fctzung bei der Durchf\u00fchrung von Veranstaltungen, die einen Fokus [&hellip;]","og_url":"https:\/\/popcircle.at\/en\/events\/","og_site_name":"PopCircle Austria","article_modified_time":"2024-05-17T11:14:39+00:00","og_image":[{"url":"https:\/\/popcircle.at\/wp-content\/uploads\/2023\/06\/Web_Header.png","type":"","width":"","height":""}],"twitter_card":"summary_large_image","twitter_misc":{"Est. reading time":"2 minutes"},"schema":{"@context":"https:\/\/schema.org","@graph":[{"@type":"WebPage","@id":"https:\/\/popcircle.at\/events\/","url":"https:\/\/popcircle.at\/events\/","name":"Events - PopCircle Austria","isPartOf":{"@id":"https:\/\/popcircle.at\/#website"},"primaryImageOfPage":{"@id":"https:\/\/popcircle.at\/events\/#primaryimage"},"image":{"@id":"https:\/\/popcircle.at\/events\/#primaryimage"},"thumbnailUrl":"https:\/\/popcircle.at\/wp-content\/uploads\/2023\/06\/Web_Header.png","datePublished":"2023-06-29T22:04:34+00:00","dateModified":"2024-05-17T11:14:39+00:00","breadcrumb":{"@id":"https:\/\/popcircle.at\/events\/#breadcrumb"},"inLanguage":"en-US","potentialAction":[{"@type":"ReadAction","target":["https:\/\/popcircle.at\/events\/"]}]},{"@type":"ImageObject","inLanguage":"en-US","@id":"https:\/\/popcircle.at\/events\/#primaryimage","url":"https:\/\/popcircle.at\/wp-content\/uploads\/2023\/06\/Web_Header.png","contentUrl":"https:\/\/popcircle.at\/wp-content\/uploads\/2023\/06\/Web_Header.png"},{"@type":"BreadcrumbList","@id":"https:\/\/popcircle.at\/events\/#breadcrumb","itemListElement":[{"@type":"ListItem","position":1,"name":"Startseite","item":"https:\/\/popcircle.at\/"},{"@type":"ListItem","position":2,"name":"Events"}]},{"@type":"WebSite","@id":"https:\/\/popcircle.at\/#website","url":"https:\/\/popcircle.at\/","name":"PopCircle Austria","description":"Verein f\u00fcr Popkultur, Kunst &amp; Gaming","publisher":{"@id":"https:\/\/popcircle.at\/#organization"},"potentialAction":[{"@type":"SearchAction","target":{"@type":"EntryPoint","urlTemplate":"https:\/\/popcircle.at\/?s={search_term_string}"},"query-input":{"@type":"PropertyValueSpecification","valueRequired":true,"valueName":"search_term_string"}}],"inLanguage":"en-US"},{"@type":"Organization","@id":"https:\/\/popcircle.at\/#organization","name":"PopCircle Austria","url":"https:\/\/popcircle.at\/","logo":{"@type":"ImageObject","inLanguage":"en-US","@id":"https:\/\/popcircle.at\/#\/schema\/logo\/image\/","url":"https:\/\/popcircle.at\/wp-content\/uploads\/2023\/04\/PopCircle-Logo_schwarz_freistehend.png","contentUrl":"https:\/\/popcircle.at\/wp-content\/uploads\/2023\/04\/PopCircle-Logo_schwarz_freistehend.png","width":2048,"height":2048,"caption":"PopCircle Austria"},"image":{"@id":"https:\/\/popcircle.at\/#\/schema\/logo\/image\/"}}]}},"_links":{"self":[{"href":"https:\/\/popcircle.at\/en\/wp-json\/wp\/v2\/pages\/201","targetHints":{"allow":["GET"]}}],"collection":[{"href":"https:\/\/popcircle.at\/en\/wp-json\/wp\/v2\/pages"}],"about":[{"href":"https:\/\/popcircle.at\/en\/wp-json\/wp\/v2\/types\/page"}],"author":[{"embeddable":true,"href":"https:\/\/popcircle.at\/en\/wp-json\/wp\/v2\/users\/3"}],"replies":[{"embeddable":true,"href":"https:\/\/popcircle.at\/en\/wp-json\/wp\/v2\/comments?post=201"}],"version-history":[{"count":44,"href":"https:\/\/popcircle.at\/en\/wp-json\/wp\/v2\/pages\/201\/revisions"}],"predecessor-version":[{"id":603,"href":"https:\/\/popcircle.at\/en\/wp-json\/wp\/v2\/pages\/201\/revisions\/603"}],"wp:attachment":[{"href":"https:\/\/popcircle.at\/en\/wp-json\/wp\/v2\/media?parent=201"}],"curies":[{"name":"wp","href":"https:\/\/api.w.org\/{rel}","templated":true}]}}