{"id":218,"date":"2023-06-29T22:41:29","date_gmt":"2023-06-29T22:41:29","guid":{"rendered":"https:\/\/popcircle.at\/?page_id=218"},"modified":"2023-07-05T17:09:49","modified_gmt":"2023-07-05T17:09:49","slug":"impressum","status":"publish","type":"page","link":"https:\/\/popcircle.at\/en\/impressum\/","title":{"rendered":"Imprint"},"content":{"rendered":"<div data-elementor-type=\"wp-page\" data-elementor-id=\"218\" class=\"elementor elementor-218\">\n\t\t\t\t<div class=\"elementor-element elementor-element-243008c4 e-con-full e-flex e-con e-parent\" data-id=\"243008c4\" data-element_type=\"container\" data-e-type=\"container\" data-settings=\"{&quot;background_background&quot;:&quot;classic&quot;}\">\n\t\t\t\t<div class=\"elementor-element elementor-element-3c237598 elementor-widget elementor-widget-image\" data-id=\"3c237598\" data-element_type=\"widget\" data-e-type=\"widget\" data-widget_type=\"image.default\">\n\t\t\t\t<div class=\"elementor-widget-container\">\n\t\t\t\t\t\t\t\t\t\t\t\t\t\t\t<img fetchpriority=\"high\" decoding=\"async\" width=\"1920\" height=\"350\" src=\"https:\/\/popcircle.at\/wp-content\/uploads\/2023\/06\/Web_Header-eng.png\" class=\"attachment-full size-full wp-image-77\" alt=\"\" srcset=\"https:\/\/popcircle.at\/wp-content\/uploads\/2023\/06\/Web_Header-eng.png 1920w, https:\/\/popcircle.at\/wp-content\/uploads\/2023\/06\/Web_Header-eng-300x55.png 300w, https:\/\/popcircle.at\/wp-content\/uploads\/2023\/06\/Web_Header-eng-1024x187.png 1024w, https:\/\/popcircle.at\/wp-content\/uploads\/2023\/06\/Web_Header-eng-768x140.png 768w, https:\/\/popcircle.at\/wp-content\/uploads\/2023\/06\/Web_Header-eng-1536x280.png 1536w, https:\/\/popcircle.at\/wp-content\/uploads\/2023\/06\/Web_Header-eng-18x3.png 18w\" sizes=\"(max-width: 1920px) 100vw, 1920px\" \/>\t\t\t\t\t\t\t\t\t\t\t\t\t\t\t<\/div>\n\t\t\t\t<\/div>\n\t\t<div class=\"elementor-element elementor-element-2a63fb04 e-con-full e-flex e-con e-child\" data-id=\"2a63fb04\" data-element_type=\"container\" data-e-type=\"container\">\n\t\t<div class=\"elementor-element elementor-element-1cf0652f e-con-full e-flex e-con e-child\" data-id=\"1cf0652f\" data-element_type=\"container\" data-e-type=\"container\">\n\t\t\t\t<div class=\"elementor-element elementor-element-555140d3 elementor-widget__width-inherit elementor-widget elementor-widget-image\" data-id=\"555140d3\" data-element_type=\"widget\" data-e-type=\"widget\" data-widget_type=\"image.default\">\n\t\t\t\t<div class=\"elementor-widget-container\">\n\t\t\t\t\t\t\t\t\t\t\t\t\t\t\t\t<a href=\"https:\/\/popcircle.at\/en\/\">\n\t\t\t\t\t\t\t<img decoding=\"async\" width=\"78\" height=\"77\" src=\"https:\/\/popcircle.at\/wp-content\/uploads\/2023\/06\/Web_Home-button.png\" class=\"elementor-animation-shrink attachment-full size-full wp-image-78\" alt=\"\" \/>\t\t\t\t\t\t\t\t<\/a>\n\t\t\t\t\t\t\t\t\t\t\t\t\t\t\t<\/div>\n\t\t\t\t<\/div>\n\t\t\t\t<div class=\"elementor-element elementor-element-6bd5f3f3 elementor-widget__width-inherit elementor-widget elementor-widget-image\" data-id=\"6bd5f3f3\" data-element_type=\"widget\" data-e-type=\"widget\" data-widget_type=\"image.default\">\n\t\t\t\t<div class=\"elementor-widget-container\">\n\t\t\t\t\t\t\t\t\t\t\t\t\t\t\t\t<a href=\"https:\/\/www.instagram.com\/popcircle_austria\/\" target=\"_blank\">\n\t\t\t\t\t\t\t<img decoding=\"async\" width=\"70\" height=\"70\" src=\"https:\/\/popcircle.at\/wp-content\/uploads\/2023\/06\/Web_Insta-Logo.png\" class=\"elementor-animation-shrink attachment-full size-full wp-image-81\" alt=\"\" \/>\t\t\t\t\t\t\t\t<\/a>\n\t\t\t\t\t\t\t\t\t\t\t\t\t\t\t<\/div>\n\t\t\t\t<\/div>\n\t\t\t\t<\/div>\n\t\t\t\t<\/div>\n\t\t\t\t<\/div>\n\t\t<div class=\"elementor-element elementor-element-4986d721 e-con-full e-flex e-con e-parent\" data-id=\"4986d721\" data-element_type=\"container\" data-e-type=\"container\">\n\t\t<div class=\"elementor-element elementor-element-2363e37 e-con-full e-flex e-con e-child\" data-id=\"2363e37\" data-element_type=\"container\" data-e-type=\"container\">\n\t\t\t\t<div class=\"elementor-element elementor-element-bb5751e elementor-widget elementor-widget-heading\" data-id=\"bb5751e\" data-element_type=\"widget\" data-e-type=\"widget\" data-widget_type=\"heading.default\">\n\t\t\t\t<div class=\"elementor-widget-container\">\n\t\t\t\t\t<h2 class=\"elementor-heading-title elementor-size-default\">Imprint:<\/h2>\t\t\t\t<\/div>\n\t\t\t\t<\/div>\n\t\t\t\t<div class=\"elementor-element elementor-element-6a9f59c elementor-widget__width-initial elementor-widget elementor-widget-image\" data-id=\"6a9f59c\" data-element_type=\"widget\" data-e-type=\"widget\" data-widget_type=\"image.default\">\n\t\t\t\t<div class=\"elementor-widget-container\">\n\t\t\t\t\t\t\t\t\t\t\t\t\t\t\t<img loading=\"lazy\" decoding=\"async\" width=\"566\" height=\"258\" src=\"https:\/\/popcircle.at\/wp-content\/uploads\/2023\/06\/Web_Imprint-eng.png\" class=\"attachment-full size-full wp-image-297\" alt=\"\" srcset=\"https:\/\/popcircle.at\/wp-content\/uploads\/2023\/06\/Web_Imprint-eng.png 566w, https:\/\/popcircle.at\/wp-content\/uploads\/2023\/06\/Web_Imprint-eng-300x137.png 300w, https:\/\/popcircle.at\/wp-content\/uploads\/2023\/06\/Web_Imprint-eng-18x8.png 18w\" sizes=\"(max-width: 566px) 100vw, 566px\" \/>\t\t\t\t\t\t\t\t\t\t\t\t\t\t\t<\/div>\n\t\t\t\t<\/div>\n\t\t\t\t<div class=\"elementor-element elementor-element-af3125b elementor-widget elementor-widget-image\" data-id=\"af3125b\" data-element_type=\"widget\" data-e-type=\"widget\" data-widget_type=\"image.default\">\n\t\t\t\t<div class=\"elementor-widget-container\">\n\t\t\t\t\t\t\t\t\t\t\t\t\t\t\t<img loading=\"lazy\" decoding=\"async\" width=\"250\" height=\"251\" src=\"https:\/\/popcircle.at\/wp-content\/uploads\/2023\/06\/Web_Logo.png\" class=\"attachment-large size-large wp-image-85\" alt=\"\" srcset=\"https:\/\/popcircle.at\/wp-content\/uploads\/2023\/06\/Web_Logo.png 250w, https:\/\/popcircle.at\/wp-content\/uploads\/2023\/06\/Web_Logo-150x150.png 150w\" sizes=\"(max-width: 250px) 100vw, 250px\" \/>\t\t\t\t\t\t\t\t\t\t\t\t\t\t\t<\/div>\n\t\t\t\t<\/div>\n\t\t\t\t<\/div>\n\t\t\t\t<div class=\"elementor-element elementor-element-9961983 elementor-widget__width-initial elementor-widget-mobile__width-initial elementor-widget elementor-widget-text-editor\" data-id=\"9961983\" data-element_type=\"widget\" data-e-type=\"widget\" data-widget_type=\"text-editor.default\">\n\t\t\t\t<div class=\"elementor-widget-container\">\n\t\t\t\t\t\t\t\t\t<p class=\"translation-block\"><strong>Terms of use, disclaimer of warranties, limitations on liability and third-party sites<br><\/strong><br>Accessing this site (including any part thereof) is at the user\u2019s own risk. PopCircle Austria (\u201cPopCircle\u201d, \u201cwe\u201d or \u201cus\u201d) will not be liable if all or any parts of the site is unavailable.<br>Nor is PopCircle liable for any of the shared publicly available content, offers, discounts or services regarding their completeness, correctness, and functionality. The site and its services function under the restrictions and regulations set by Austrian law. The user agrees to release and hold harmless PopCircle, its members and board of directors from and against all claims for damage against PopCircle that may arise out of the direct or indirect use of or otherwise relates to use of the site. The site, all its contents as well as connected services are employed and made available following due diligence, trustworthiness, and endeavours to be readily available, at an \u201cas is\u201d and \u201cas available\u201d basis. However, owing to technical restrictions, this is not possible. Documents and content of any kind fall under the same restrictions and will be made available if and when possible. Users do not possess any rights to the site, and we reserve the right to withdraw, amend or restrict your access to the site including any part thereof as well as to any service or content we provide on the site, in our discretion without notice at any time. We will try to offer our site, services and content reliably and to a broad scope of users. However, users are responsible for verifying all of the content available on the site before relying on it.<\/p><p class=\"translation-block\"><strong>Links<\/strong><br>PopCircle takes no responsibility and assume no liability for your use of any content, information or promoted services of any third-party sites. The responsibility in engaging with these third-party sites lies with the user. We do not control any third-party content and any opinions, statements, services and offers expressed by third-parties or made available on the site by those third-parties do not necessarily reflect our views, opinions or services.<\/p>\t\t\t\t\t\t\t\t<\/div>\n\t\t\t\t<\/div>\n\t\t\t\t<div class=\"elementor-element elementor-element-277cb17 elementor-hidden-tablet elementor-widget elementor-widget-image\" data-id=\"277cb17\" data-element_type=\"widget\" data-e-type=\"widget\" data-widget_type=\"image.default\">\n\t\t\t\t<div class=\"elementor-widget-container\">\n\t\t\t\t\t\t\t\t\t\t\t\t\t\t\t<img loading=\"lazy\" decoding=\"async\" width=\"271\" height=\"370\" src=\"https:\/\/popcircle.at\/wp-content\/uploads\/2023\/06\/Web_Maskottchen_pink.png\" class=\"attachment-large size-large wp-image-91\" alt=\"\" srcset=\"https:\/\/popcircle.at\/wp-content\/uploads\/2023\/06\/Web_Maskottchen_pink.png 271w, https:\/\/popcircle.at\/wp-content\/uploads\/2023\/06\/Web_Maskottchen_pink-220x300.png 220w\" sizes=\"(max-width: 271px) 100vw, 271px\" \/>\t\t\t\t\t\t\t\t\t\t\t\t\t\t\t<\/div>\n\t\t\t\t<\/div>\n\t\t\t\t<\/div>\n\t\t<div class=\"elementor-element elementor-element-cae8596 e-con-full e-flex e-con e-parent\" data-id=\"cae8596\" data-element_type=\"container\" data-e-type=\"container\" data-settings=\"{&quot;background_background&quot;:&quot;classic&quot;}\">\n\t\t\t\t<div class=\"elementor-element elementor-element-3a4184ff elementor-widget elementor-widget-button\" data-id=\"3a4184ff\" data-element_type=\"widget\" data-e-type=\"widget\" data-widget_type=\"button.default\">\n\t\t\t\t<div class=\"elementor-widget-container\">\n\t\t\t\t\t\t\t\t\t<div class=\"elementor-button-wrapper\">\n\t\t\t\t\t<a class=\"elementor-button elementor-button-link elementor-size-sm elementor-animation-shrink\" href=\"https:\/\/popcircle.at\/en\/impressum\/\">\n\t\t\t\t\t\t<span class=\"elementor-button-content-wrapper\">\n\t\t\t\t\t\t\t\t\t<span class=\"elementor-button-text\">Imprint<\/span>\n\t\t\t\t\t<\/span>\n\t\t\t\t\t<\/a>\n\t\t\t\t<\/div>\n\t\t\t\t\t\t\t\t<\/div>\n\t\t\t\t<\/div>\n\t\t\t\t<\/div>\n\t\t\t\t<\/div>","protected":false},"excerpt":{"rendered":"<p>Impressum: Nutzungsbedingungen, Gew\u00e4hrleistung, Haftung \u00fcber Inhalt und VerlinkungenDie Nutzung dieser Website erfolgt auf eigene Gefahr und auf eigenes Risiko. Wir \u00fcbernehmen weder Gew\u00e4hr f\u00fcr st\u00e4ndige Verf\u00fcgbarkeit, noch f\u00fcr die ver\u00f6ffentlichten Beitr\u00e4ge, Angebote, Dienstleistungen und Services hinsichtlich Richtigkeit, Vollst\u00e4ndigkeit und Funktionalit\u00e4t. Die Gew\u00e4hrleistung richtet sich nach den gesetzlichen Bestimmungen.Jegliche Haftung f\u00fcr Sch\u00e4den, die direkt oder indirekt [&hellip;]<\/p>\n","protected":false},"author":3,"featured_media":0,"parent":0,"menu_order":0,"comment_status":"closed","ping_status":"closed","template":"elementor_canvas","meta":{"footnotes":""},"class_list":["post-218","page","type-page","status-publish","hentry"],"yoast_head":"<!-- This site is optimized with the Yoast SEO plugin v27.4 - https:\/\/yoast.com\/product\/yoast-seo-wordpress\/ -->\n<title>Impressum - PopCircle Austria<\/title>\n<meta name=\"robots\" content=\"index, follow, max-snippet:-1, max-image-preview:large, max-video-preview:-1\" \/>\n<link rel=\"canonical\" href=\"https:\/\/popcircle.at\/en\/impressum\/\" \/>\n<meta property=\"og:locale\" content=\"en_US\" \/>\n<meta property=\"og:type\" content=\"article\" \/>\n<meta property=\"og:title\" content=\"Impressum - PopCircle Austria\" \/>\n<meta property=\"og:description\" content=\"Impressum: Nutzungsbedingungen, Gew\u00e4hrleistung, Haftung \u00fcber Inhalt und VerlinkungenDie Nutzung dieser Website erfolgt auf eigene Gefahr und auf eigenes Risiko. Wir \u00fcbernehmen weder Gew\u00e4hr f\u00fcr st\u00e4ndige Verf\u00fcgbarkeit, noch f\u00fcr die ver\u00f6ffentlichten Beitr\u00e4ge, Angebote, Dienstleistungen und Services hinsichtlich Richtigkeit, Vollst\u00e4ndigkeit und Funktionalit\u00e4t. Die Gew\u00e4hrleistung richtet sich nach den gesetzlichen Bestimmungen.Jegliche Haftung f\u00fcr Sch\u00e4den, die direkt oder indirekt [&hellip;]\" \/>\n<meta property=\"og:url\" content=\"https:\/\/popcircle.at\/en\/impressum\/\" \/>\n<meta property=\"og:site_name\" content=\"PopCircle Austria\" \/>\n<meta property=\"article:modified_time\" content=\"2023-07-05T17:09:49+00:00\" \/>\n<meta property=\"og:image\" content=\"https:\/\/popcircle.at\/wp-content\/uploads\/2023\/06\/Web_Header.png\" \/>\n<meta name=\"twitter:card\" content=\"summary_large_image\" \/>\n<script type=\"application\/ld+json\" class=\"yoast-schema-graph\">{\"@context\":\"https:\\\/\\\/schema.org\",\"@graph\":[{\"@type\":\"WebPage\",\"@id\":\"https:\\\/\\\/popcircle.at\\\/impressum\\\/\",\"url\":\"https:\\\/\\\/popcircle.at\\\/impressum\\\/\",\"name\":\"Impressum - PopCircle Austria\",\"isPartOf\":{\"@id\":\"https:\\\/\\\/popcircle.at\\\/#website\"},\"primaryImageOfPage\":{\"@id\":\"https:\\\/\\\/popcircle.at\\\/impressum\\\/#primaryimage\"},\"image\":{\"@id\":\"https:\\\/\\\/popcircle.at\\\/impressum\\\/#primaryimage\"},\"thumbnailUrl\":\"https:\\\/\\\/popcircle.at\\\/wp-content\\\/uploads\\\/2023\\\/06\\\/Web_Header.png\",\"datePublished\":\"2023-06-29T22:41:29+00:00\",\"dateModified\":\"2023-07-05T17:09:49+00:00\",\"breadcrumb\":{\"@id\":\"https:\\\/\\\/popcircle.at\\\/impressum\\\/#breadcrumb\"},\"inLanguage\":\"en-US\",\"potentialAction\":[{\"@type\":\"ReadAction\",\"target\":[\"https:\\\/\\\/popcircle.at\\\/impressum\\\/\"]}]},{\"@type\":\"ImageObject\",\"inLanguage\":\"en-US\",\"@id\":\"https:\\\/\\\/popcircle.at\\\/impressum\\\/#primaryimage\",\"url\":\"https:\\\/\\\/popcircle.at\\\/wp-content\\\/uploads\\\/2023\\\/06\\\/Web_Header.png\",\"contentUrl\":\"https:\\\/\\\/popcircle.at\\\/wp-content\\\/uploads\\\/2023\\\/06\\\/Web_Header.png\"},{\"@type\":\"BreadcrumbList\",\"@id\":\"https:\\\/\\\/popcircle.at\\\/impressum\\\/#breadcrumb\",\"itemListElement\":[{\"@type\":\"ListItem\",\"position\":1,\"name\":\"Startseite\",\"item\":\"https:\\\/\\\/popcircle.at\\\/\"},{\"@type\":\"ListItem\",\"position\":2,\"name\":\"Impressum\"}]},{\"@type\":\"WebSite\",\"@id\":\"https:\\\/\\\/popcircle.at\\\/#website\",\"url\":\"https:\\\/\\\/popcircle.at\\\/\",\"name\":\"PopCircle Austria\",\"description\":\"Verein f\u00fcr Popkultur, Kunst &amp; Gaming\",\"publisher\":{\"@id\":\"https:\\\/\\\/popcircle.at\\\/#organization\"},\"potentialAction\":[{\"@type\":\"SearchAction\",\"target\":{\"@type\":\"EntryPoint\",\"urlTemplate\":\"https:\\\/\\\/popcircle.at\\\/?s={search_term_string}\"},\"query-input\":{\"@type\":\"PropertyValueSpecification\",\"valueRequired\":true,\"valueName\":\"search_term_string\"}}],\"inLanguage\":\"en-US\"},{\"@type\":\"Organization\",\"@id\":\"https:\\\/\\\/popcircle.at\\\/#organization\",\"name\":\"PopCircle Austria\",\"url\":\"https:\\\/\\\/popcircle.at\\\/\",\"logo\":{\"@type\":\"ImageObject\",\"inLanguage\":\"en-US\",\"@id\":\"https:\\\/\\\/popcircle.at\\\/#\\\/schema\\\/logo\\\/image\\\/\",\"url\":\"https:\\\/\\\/popcircle.at\\\/wp-content\\\/uploads\\\/2023\\\/04\\\/PopCircle-Logo_schwarz_freistehend.png\",\"contentUrl\":\"https:\\\/\\\/popcircle.at\\\/wp-content\\\/uploads\\\/2023\\\/04\\\/PopCircle-Logo_schwarz_freistehend.png\",\"width\":2048,\"height\":2048,\"caption\":\"PopCircle Austria\"},\"image\":{\"@id\":\"https:\\\/\\\/popcircle.at\\\/#\\\/schema\\\/logo\\\/image\\\/\"}}]}<\/script>\n<!-- \/ Yoast SEO plugin. -->","yoast_head_json":{"title":"Impressum - PopCircle Austria","robots":{"index":"index","follow":"follow","max-snippet":"max-snippet:-1","max-image-preview":"max-image-preview:large","max-video-preview":"max-video-preview:-1"},"canonical":"https:\/\/popcircle.at\/en\/impressum\/","og_locale":"en_US","og_type":"article","og_title":"Impressum - PopCircle Austria","og_description":"Impressum: Nutzungsbedingungen, Gew\u00e4hrleistung, Haftung \u00fcber Inhalt und VerlinkungenDie Nutzung dieser Website erfolgt auf eigene Gefahr und auf eigenes Risiko. Wir \u00fcbernehmen weder Gew\u00e4hr f\u00fcr st\u00e4ndige Verf\u00fcgbarkeit, noch f\u00fcr die ver\u00f6ffentlichten Beitr\u00e4ge, Angebote, Dienstleistungen und Services hinsichtlich Richtigkeit, Vollst\u00e4ndigkeit und Funktionalit\u00e4t. Die Gew\u00e4hrleistung richtet sich nach den gesetzlichen Bestimmungen.Jegliche Haftung f\u00fcr Sch\u00e4den, die direkt oder indirekt [&hellip;]","og_url":"https:\/\/popcircle.at\/en\/impressum\/","og_site_name":"PopCircle Austria","article_modified_time":"2023-07-05T17:09:49+00:00","og_image":[{"url":"https:\/\/popcircle.at\/wp-content\/uploads\/2023\/06\/Web_Header.png","type":"","width":"","height":""}],"twitter_card":"summary_large_image","schema":{"@context":"https:\/\/schema.org","@graph":[{"@type":"WebPage","@id":"https:\/\/popcircle.at\/impressum\/","url":"https:\/\/popcircle.at\/impressum\/","name":"Impressum - PopCircle Austria","isPartOf":{"@id":"https:\/\/popcircle.at\/#website"},"primaryImageOfPage":{"@id":"https:\/\/popcircle.at\/impressum\/#primaryimage"},"image":{"@id":"https:\/\/popcircle.at\/impressum\/#primaryimage"},"thumbnailUrl":"https:\/\/popcircle.at\/wp-content\/uploads\/2023\/06\/Web_Header.png","datePublished":"2023-06-29T22:41:29+00:00","dateModified":"2023-07-05T17:09:49+00:00","breadcrumb":{"@id":"https:\/\/popcircle.at\/impressum\/#breadcrumb"},"inLanguage":"en-US","potentialAction":[{"@type":"ReadAction","target":["https:\/\/popcircle.at\/impressum\/"]}]},{"@type":"ImageObject","inLanguage":"en-US","@id":"https:\/\/popcircle.at\/impressum\/#primaryimage","url":"https:\/\/popcircle.at\/wp-content\/uploads\/2023\/06\/Web_Header.png","contentUrl":"https:\/\/popcircle.at\/wp-content\/uploads\/2023\/06\/Web_Header.png"},{"@type":"BreadcrumbList","@id":"https:\/\/popcircle.at\/impressum\/#breadcrumb","itemListElement":[{"@type":"ListItem","position":1,"name":"Startseite","item":"https:\/\/popcircle.at\/"},{"@type":"ListItem","position":2,"name":"Impressum"}]},{"@type":"WebSite","@id":"https:\/\/popcircle.at\/#website","url":"https:\/\/popcircle.at\/","name":"PopCircle Austria","description":"Verein f\u00fcr Popkultur, Kunst &amp; Gaming","publisher":{"@id":"https:\/\/popcircle.at\/#organization"},"potentialAction":[{"@type":"SearchAction","target":{"@type":"EntryPoint","urlTemplate":"https:\/\/popcircle.at\/?s={search_term_string}"},"query-input":{"@type":"PropertyValueSpecification","valueRequired":true,"valueName":"search_term_string"}}],"inLanguage":"en-US"},{"@type":"Organization","@id":"https:\/\/popcircle.at\/#organization","name":"PopCircle Austria","url":"https:\/\/popcircle.at\/","logo":{"@type":"ImageObject","inLanguage":"en-US","@id":"https:\/\/popcircle.at\/#\/schema\/logo\/image\/","url":"https:\/\/popcircle.at\/wp-content\/uploads\/2023\/04\/PopCircle-Logo_schwarz_freistehend.png","contentUrl":"https:\/\/popcircle.at\/wp-content\/uploads\/2023\/04\/PopCircle-Logo_schwarz_freistehend.png","width":2048,"height":2048,"caption":"PopCircle Austria"},"image":{"@id":"https:\/\/popcircle.at\/#\/schema\/logo\/image\/"}}]}},"_links":{"self":[{"href":"https:\/\/popcircle.at\/en\/wp-json\/wp\/v2\/pages\/218","targetHints":{"allow":["GET"]}}],"collection":[{"href":"https:\/\/popcircle.at\/en\/wp-json\/wp\/v2\/pages"}],"about":[{"href":"https:\/\/popcircle.at\/en\/wp-json\/wp\/v2\/types\/page"}],"author":[{"embeddable":true,"href":"https:\/\/popcircle.at\/en\/wp-json\/wp\/v2\/users\/3"}],"replies":[{"embeddable":true,"href":"https:\/\/popcircle.at\/en\/wp-json\/wp\/v2\/comments?post=218"}],"version-history":[{"count":163,"href":"https:\/\/popcircle.at\/en\/wp-json\/wp\/v2\/pages\/218\/revisions"}],"predecessor-version":[{"id":593,"href":"https:\/\/popcircle.at\/en\/wp-json\/wp\/v2\/pages\/218\/revisions\/593"}],"wp:attachment":[{"href":"https:\/\/popcircle.at\/en\/wp-json\/wp\/v2\/media?parent=218"}],"curies":[{"name":"wp","href":"https:\/\/api.w.org\/{rel}","templated":true}]}}